{"id":2381,"date":"2023-07-08T08:31:58","date_gmt":"2023-07-08T06:31:58","guid":{"rendered":"https:\/\/feelyoung2.com\/product\/emf-egeszsegugyi-kartya-rozsaszin-1-darab\/"},"modified":"2025-02-02T21:18:38","modified_gmt":"2025-02-02T19:18:38","slug":"emf-egeszsegkartya-rozsaszin-1-darab","status":"publish","type":"product","link":"https:\/\/feelyoung2.com\/hu\/termek\/emf-egeszsegkartya-rozsaszin-1-darab\/","title":{"rendered":"<br>EMF eg\u00e9szs\u00e9g\u00fcgyi k\u00e1rtya r\u00f3zsasz\u00edn 1 db"},"content":{"rendered":"<p>A t\u00e9rk\u00e9p 3 m\u00e9teres hat\u00f3t\u00e1vols\u00e1ggal rendelkezik k\u00f6r\u00fcl\u00f6tted, min\u00e9l k\u00f6zelebb vagy a t\u00e9rk\u00e9phez, ann\u00e1l er\u0151sebben m\u0171k\u00f6dik a t\u00e9rk\u00e9p. Az EMF Health Card kiz\u00e1r\u00f3lag 100%-ban term\u00e9szetes anyagokb\u00f3l k\u00e9sz\u00fcl. Maga a k\u00e1rtya kukoric\u00e1b\u00f3l k\u00e9sz\u00fclt, a benne l\u00e9v\u0151 keret pedig a magas frekvenci\u00e1j\u00fa harmonikus &#8222;bizmut&#8221; f\u00e9mb\u0151l k\u00e9sz\u00fclt, m\u00e1s term\u00e9szetes f\u00e9mforr\u00e1sokkal kombin\u00e1lva. Tal\u00e1ld meg, amit helyesnek \u00e9rzel. Mindenki m\u00e1sk\u00e9pp haszn\u00e1lja a k\u00e1rty\u00e1t. Hat\u00e1rozza meg, mire van sz\u00fcks\u00e9ge a test\u00e9nek, \u00e9s hagyja, hogy a t\u00e9rk\u00e9p dolgozzon \u00d6n\u00e9rt.<\/p>\n","protected":false},"excerpt":{"rendered":"<p>A t\u00e9rk\u00e9p 3 m\u00e9teres hat\u00f3t\u00e1vols\u00e1ggal rendelkezik k\u00f6r\u00fcl\u00f6tted, min\u00e9l k\u00f6zelebb vagy a t\u00e9rk\u00e9phez, ann\u00e1l er\u0151sebben m\u0171k\u00f6dik a t\u00e9rk\u00e9p. Az EMF Health Card kiz\u00e1r\u00f3lag 100%-ban term\u00e9szetes anyagokb\u00f3l k\u00e9sz\u00fcl. Maga a k\u00e1rtya kukoric\u00e1b\u00f3l k\u00e9sz\u00fclt, a benne l\u00e9v\u0151 keret pedig a magas frekvenci\u00e1j\u00fa harmonikus &#8222;bizmut&#8221; f\u00e9mb\u0151l k\u00e9sz\u00fclt, m\u00e1s term\u00e9szetes f\u00e9mforr\u00e1sokkal kombin\u00e1lva. Tal\u00e1ld meg, amit helyesnek \u00e9rzel. Mindenki m\u00e1sk\u00e9pp haszn\u00e1lja [&hellip;]<\/p>\n","protected":false},"featured_media":2071,"template":"","meta":[],"product_brand":[],"product_cat":[50],"product_tag":[],"class_list":{"0":"post-2381","1":"product","2":"type-product","3":"status-publish","4":"has-post-thumbnail","6":"product_cat-emf-egeszsegugyi-kartya","8":"first","9":"instock","10":"taxable","11":"shipping-taxable","12":"purchasable","13":"product-type-simple"},"yoast_head":"<!-- This site is optimized with the Yoast SEO plugin v27.4 - https:\/\/yoast.com\/product\/yoast-seo-wordpress\/ -->\n<title>EMF eg\u00e9szs\u00e9g\u00fcgyi k\u00e1rtya r\u00f3zsasz\u00edn 1 db - Feel young 2<\/title>\n<meta name=\"robots\" content=\"index, follow, max-snippet:-1, max-image-preview:large, max-video-preview:-1\" \/>\n<link rel=\"canonical\" href=\"https:\/\/feelyoung2.com\/hu\/termek\/emf-egeszsegkartya-rozsaszin-1-darab\/\" \/>\n<meta property=\"og:locale\" content=\"hu_HU\" \/>\n<meta property=\"og:type\" content=\"article\" \/>\n<meta property=\"og:title\" content=\"EMF eg\u00e9szs\u00e9g\u00fcgyi k\u00e1rtya r\u00f3zsasz\u00edn 1 db - Feel young 2\" \/>\n<meta property=\"og:description\" content=\"A t\u00e9rk\u00e9p 3 m\u00e9teres hat\u00f3t\u00e1vols\u00e1ggal rendelkezik k\u00f6r\u00fcl\u00f6tted, min\u00e9l k\u00f6zelebb vagy a t\u00e9rk\u00e9phez, ann\u00e1l er\u0151sebben m\u0171k\u00f6dik a t\u00e9rk\u00e9p. Az EMF Health Card kiz\u00e1r\u00f3lag 100%-ban term\u00e9szetes anyagokb\u00f3l k\u00e9sz\u00fcl. Maga a k\u00e1rtya kukoric\u00e1b\u00f3l k\u00e9sz\u00fclt, a benne l\u00e9v\u0151 keret pedig a magas frekvenci\u00e1j\u00fa harmonikus &#8222;bizmut&#8221; f\u00e9mb\u0151l k\u00e9sz\u00fclt, m\u00e1s term\u00e9szetes f\u00e9mforr\u00e1sokkal kombin\u00e1lva. Tal\u00e1ld meg, amit helyesnek \u00e9rzel. Mindenki m\u00e1sk\u00e9pp haszn\u00e1lja [&hellip;]\" \/>\n<meta property=\"og:url\" content=\"https:\/\/feelyoung2.com\/hu\/termek\/emf-egeszsegkartya-rozsaszin-1-darab\/\" \/>\n<meta property=\"og:site_name\" content=\"Feel young 2\" \/>\n<meta property=\"article:modified_time\" content=\"2025-02-02T19:18:38+00:00\" \/>\n<meta property=\"og:image\" content=\"https:\/\/feelyoung2.com\/wp-content\/uploads\/2023\/07\/7.jpg\" \/>\n\t<meta property=\"og:image:width\" content=\"1200\" \/>\n\t<meta property=\"og:image:height\" content=\"1697\" \/>\n\t<meta property=\"og:image:type\" content=\"image\/jpeg\" \/>\n<meta name=\"twitter:card\" content=\"summary_large_image\" \/>\n<meta name=\"twitter:label1\" content=\"Becs\u00fclt olvas\u00e1si id\u0151\" \/>\n\t<meta name=\"twitter:data1\" content=\"1 perc\" \/>\n<script type=\"application\/ld+json\" class=\"yoast-schema-graph\">{\"@context\":\"https:\\\/\\\/schema.org\",\"@graph\":[{\"@type\":\"WebPage\",\"@id\":\"https:\\\/\\\/feelyoung2.com\\\/hu\\\/termek\\\/emf-egeszsegkartya-rozsaszin-1-darab\\\/\",\"url\":\"https:\\\/\\\/feelyoung2.com\\\/hu\\\/termek\\\/emf-egeszsegkartya-rozsaszin-1-darab\\\/\",\"name\":\"EMF eg\u00e9szs\u00e9g\u00fcgyi k\u00e1rtya r\u00f3zsasz\u00edn 1 db - Feel young 2\",\"isPartOf\":{\"@id\":\"https:\\\/\\\/feelyoung2.com\\\/#website\"},\"primaryImageOfPage\":{\"@id\":\"https:\\\/\\\/feelyoung2.com\\\/hu\\\/termek\\\/emf-egeszsegkartya-rozsaszin-1-darab\\\/#primaryimage\"},\"image\":{\"@id\":\"https:\\\/\\\/feelyoung2.com\\\/hu\\\/termek\\\/emf-egeszsegkartya-rozsaszin-1-darab\\\/#primaryimage\"},\"thumbnailUrl\":\"https:\\\/\\\/feelyoung2.com\\\/wp-content\\\/uploads\\\/2023\\\/07\\\/7.jpg\",\"datePublished\":\"2023-07-08T06:31:58+00:00\",\"dateModified\":\"2025-02-02T19:18:38+00:00\",\"breadcrumb\":{\"@id\":\"https:\\\/\\\/feelyoung2.com\\\/hu\\\/termek\\\/emf-egeszsegkartya-rozsaszin-1-darab\\\/#breadcrumb\"},\"inLanguage\":\"hu\",\"potentialAction\":[{\"@type\":\"ReadAction\",\"target\":[\"https:\\\/\\\/feelyoung2.com\\\/hu\\\/termek\\\/emf-egeszsegkartya-rozsaszin-1-darab\\\/\"]}]},{\"@type\":\"ImageObject\",\"inLanguage\":\"hu\",\"@id\":\"https:\\\/\\\/feelyoung2.com\\\/hu\\\/termek\\\/emf-egeszsegkartya-rozsaszin-1-darab\\\/#primaryimage\",\"url\":\"https:\\\/\\\/feelyoung2.com\\\/wp-content\\\/uploads\\\/2023\\\/07\\\/7.jpg\",\"contentUrl\":\"https:\\\/\\\/feelyoung2.com\\\/wp-content\\\/uploads\\\/2023\\\/07\\\/7.jpg\",\"width\":1200,\"height\":1697},{\"@type\":\"BreadcrumbList\",\"@id\":\"https:\\\/\\\/feelyoung2.com\\\/hu\\\/termek\\\/emf-egeszsegkartya-rozsaszin-1-darab\\\/#breadcrumb\",\"itemListElement\":[{\"@type\":\"ListItem\",\"position\":1,\"name\":\"Home\",\"item\":\"https:\\\/\\\/feelyoung2.com\\\/hu\\\/\"},{\"@type\":\"ListItem\",\"position\":2,\"name\":\"Shop\",\"item\":\"https:\\\/\\\/feelyoung2.com\\\/hu\\\/winkel\\\/\"},{\"@type\":\"ListItem\",\"position\":3,\"name\":\"EMF eg\u00e9szs\u00e9g\u00fcgyi k\u00e1rtya r\u00f3zsasz\u00edn 1 db\"}]},{\"@type\":\"WebSite\",\"@id\":\"https:\\\/\\\/feelyoung2.com\\\/#website\",\"url\":\"https:\\\/\\\/feelyoung2.com\\\/\",\"name\":\"Feel young 2\",\"description\":\"Gives you protection, Energy and Harmony\",\"publisher\":{\"@id\":\"https:\\\/\\\/feelyoung2.com\\\/#organization\"},\"potentialAction\":[{\"@type\":\"SearchAction\",\"target\":{\"@type\":\"EntryPoint\",\"urlTemplate\":\"https:\\\/\\\/feelyoung2.com\\\/?s={search_term_string}\"},\"query-input\":{\"@type\":\"PropertyValueSpecification\",\"valueRequired\":true,\"valueName\":\"search_term_string\"}}],\"inLanguage\":\"hu\"},{\"@type\":\"Organization\",\"@id\":\"https:\\\/\\\/feelyoung2.com\\\/#organization\",\"name\":\"Feel young 2 FZCO\",\"url\":\"https:\\\/\\\/feelyoung2.com\\\/\",\"logo\":{\"@type\":\"ImageObject\",\"inLanguage\":\"hu\",\"@id\":\"https:\\\/\\\/feelyoung2.com\\\/#\\\/schema\\\/logo\\\/image\\\/\",\"url\":\"https:\\\/\\\/feelyoung2.com\\\/wp-content\\\/uploads\\\/2023\\\/06\\\/2.png\",\"contentUrl\":\"https:\\\/\\\/feelyoung2.com\\\/wp-content\\\/uploads\\\/2023\\\/06\\\/2.png\",\"width\":1080,\"height\":1080,\"caption\":\"Feel young 2 FZCO\"},\"image\":{\"@id\":\"https:\\\/\\\/feelyoung2.com\\\/#\\\/schema\\\/logo\\\/image\\\/\"}}]}<\/script>\n<!-- \/ Yoast SEO plugin. -->","yoast_head_json":{"title":"EMF eg\u00e9szs\u00e9g\u00fcgyi k\u00e1rtya r\u00f3zsasz\u00edn 1 db - Feel young 2","robots":{"index":"index","follow":"follow","max-snippet":"max-snippet:-1","max-image-preview":"max-image-preview:large","max-video-preview":"max-video-preview:-1"},"canonical":"https:\/\/feelyoung2.com\/hu\/termek\/emf-egeszsegkartya-rozsaszin-1-darab\/","og_locale":"hu_HU","og_type":"article","og_title":"EMF eg\u00e9szs\u00e9g\u00fcgyi k\u00e1rtya r\u00f3zsasz\u00edn 1 db - Feel young 2","og_description":"A t\u00e9rk\u00e9p 3 m\u00e9teres hat\u00f3t\u00e1vols\u00e1ggal rendelkezik k\u00f6r\u00fcl\u00f6tted, min\u00e9l k\u00f6zelebb vagy a t\u00e9rk\u00e9phez, ann\u00e1l er\u0151sebben m\u0171k\u00f6dik a t\u00e9rk\u00e9p. Az EMF Health Card kiz\u00e1r\u00f3lag 100%-ban term\u00e9szetes anyagokb\u00f3l k\u00e9sz\u00fcl. Maga a k\u00e1rtya kukoric\u00e1b\u00f3l k\u00e9sz\u00fclt, a benne l\u00e9v\u0151 keret pedig a magas frekvenci\u00e1j\u00fa harmonikus &#8222;bizmut&#8221; f\u00e9mb\u0151l k\u00e9sz\u00fclt, m\u00e1s term\u00e9szetes f\u00e9mforr\u00e1sokkal kombin\u00e1lva. Tal\u00e1ld meg, amit helyesnek \u00e9rzel. Mindenki m\u00e1sk\u00e9pp haszn\u00e1lja [&hellip;]","og_url":"https:\/\/feelyoung2.com\/hu\/termek\/emf-egeszsegkartya-rozsaszin-1-darab\/","og_site_name":"Feel young 2","article_modified_time":"2025-02-02T19:18:38+00:00","og_image":[{"width":1200,"height":1697,"url":"https:\/\/feelyoung2.com\/wp-content\/uploads\/2023\/07\/7.jpg","type":"image\/jpeg"}],"twitter_card":"summary_large_image","twitter_misc":{"Becs\u00fclt olvas\u00e1si id\u0151":"1 perc"},"schema":{"@context":"https:\/\/schema.org","@graph":[{"@type":"WebPage","@id":"https:\/\/feelyoung2.com\/hu\/termek\/emf-egeszsegkartya-rozsaszin-1-darab\/","url":"https:\/\/feelyoung2.com\/hu\/termek\/emf-egeszsegkartya-rozsaszin-1-darab\/","name":"EMF eg\u00e9szs\u00e9g\u00fcgyi k\u00e1rtya r\u00f3zsasz\u00edn 1 db - Feel young 2","isPartOf":{"@id":"https:\/\/feelyoung2.com\/#website"},"primaryImageOfPage":{"@id":"https:\/\/feelyoung2.com\/hu\/termek\/emf-egeszsegkartya-rozsaszin-1-darab\/#primaryimage"},"image":{"@id":"https:\/\/feelyoung2.com\/hu\/termek\/emf-egeszsegkartya-rozsaszin-1-darab\/#primaryimage"},"thumbnailUrl":"https:\/\/feelyoung2.com\/wp-content\/uploads\/2023\/07\/7.jpg","datePublished":"2023-07-08T06:31:58+00:00","dateModified":"2025-02-02T19:18:38+00:00","breadcrumb":{"@id":"https:\/\/feelyoung2.com\/hu\/termek\/emf-egeszsegkartya-rozsaszin-1-darab\/#breadcrumb"},"inLanguage":"hu","potentialAction":[{"@type":"ReadAction","target":["https:\/\/feelyoung2.com\/hu\/termek\/emf-egeszsegkartya-rozsaszin-1-darab\/"]}]},{"@type":"ImageObject","inLanguage":"hu","@id":"https:\/\/feelyoung2.com\/hu\/termek\/emf-egeszsegkartya-rozsaszin-1-darab\/#primaryimage","url":"https:\/\/feelyoung2.com\/wp-content\/uploads\/2023\/07\/7.jpg","contentUrl":"https:\/\/feelyoung2.com\/wp-content\/uploads\/2023\/07\/7.jpg","width":1200,"height":1697},{"@type":"BreadcrumbList","@id":"https:\/\/feelyoung2.com\/hu\/termek\/emf-egeszsegkartya-rozsaszin-1-darab\/#breadcrumb","itemListElement":[{"@type":"ListItem","position":1,"name":"Home","item":"https:\/\/feelyoung2.com\/hu\/"},{"@type":"ListItem","position":2,"name":"Shop","item":"https:\/\/feelyoung2.com\/hu\/winkel\/"},{"@type":"ListItem","position":3,"name":"EMF eg\u00e9szs\u00e9g\u00fcgyi k\u00e1rtya r\u00f3zsasz\u00edn 1 db"}]},{"@type":"WebSite","@id":"https:\/\/feelyoung2.com\/#website","url":"https:\/\/feelyoung2.com\/","name":"Feel young 2","description":"Gives you protection, Energy and Harmony","publisher":{"@id":"https:\/\/feelyoung2.com\/#organization"},"potentialAction":[{"@type":"SearchAction","target":{"@type":"EntryPoint","urlTemplate":"https:\/\/feelyoung2.com\/?s={search_term_string}"},"query-input":{"@type":"PropertyValueSpecification","valueRequired":true,"valueName":"search_term_string"}}],"inLanguage":"hu"},{"@type":"Organization","@id":"https:\/\/feelyoung2.com\/#organization","name":"Feel young 2 FZCO","url":"https:\/\/feelyoung2.com\/","logo":{"@type":"ImageObject","inLanguage":"hu","@id":"https:\/\/feelyoung2.com\/#\/schema\/logo\/image\/","url":"https:\/\/feelyoung2.com\/wp-content\/uploads\/2023\/06\/2.png","contentUrl":"https:\/\/feelyoung2.com\/wp-content\/uploads\/2023\/06\/2.png","width":1080,"height":1080,"caption":"Feel young 2 FZCO"},"image":{"@id":"https:\/\/feelyoung2.com\/#\/schema\/logo\/image\/"}}]}},"_links":{"self":[{"href":"https:\/\/feelyoung2.com\/hu\/wp-json\/wp\/v2\/product\/2381","targetHints":{"allow":["GET"]}}],"collection":[{"href":"https:\/\/feelyoung2.com\/hu\/wp-json\/wp\/v2\/product"}],"about":[{"href":"https:\/\/feelyoung2.com\/hu\/wp-json\/wp\/v2\/types\/product"}],"wp:featuredmedia":[{"embeddable":true,"href":"https:\/\/feelyoung2.com\/hu\/wp-json\/wp\/v2\/media\/2071"}],"wp:attachment":[{"href":"https:\/\/feelyoung2.com\/hu\/wp-json\/wp\/v2\/media?parent=2381"}],"wp:term":[{"taxonomy":"product_brand","embeddable":true,"href":"https:\/\/feelyoung2.com\/hu\/wp-json\/wp\/v2\/product_brand?post=2381"},{"taxonomy":"product_cat","embeddable":true,"href":"https:\/\/feelyoung2.com\/hu\/wp-json\/wp\/v2\/product_cat?post=2381"},{"taxonomy":"product_tag","embeddable":true,"href":"https:\/\/feelyoung2.com\/hu\/wp-json\/wp\/v2\/product_tag?post=2381"}],"curies":[{"name":"wp","href":"https:\/\/api.w.org\/{rel}","templated":true}]}}