{"id":2154,"date":"2023-09-07T13:33:04","date_gmt":"2023-09-07T11:33:04","guid":{"rendered":"https:\/\/feelyoung2.com\/koszonom\/"},"modified":"2023-10-14T11:42:43","modified_gmt":"2023-10-14T09:42:43","slug":"koszonom","status":"publish","type":"page","link":"https:\/\/feelyoung2.com\/hu\/koszonom\/","title":{"rendered":"K\u00f6sz\u00f6n\u00f6m."},"content":{"rendered":"\t\t<div data-elementor-type=\"wp-page\" data-elementor-id=\"2154\" class=\"elementor elementor-2154 elementor-1696\" data-elementor-post-type=\"page\">\n\t\t\t\t\t\t<section class=\"elementor-section elementor-top-section elementor-element elementor-element-09b561d elementor-section-boxed elementor-section-height-default elementor-section-height-default\" data-id=\"09b561d\" data-element_type=\"section\" data-e-type=\"section\">\n\t\t\t\t\t\t<div class=\"elementor-container elementor-column-gap-default\">\n\t\t\t\t\t<div class=\"elementor-column elementor-col-100 elementor-top-column elementor-element elementor-element-7ba12bc\" data-id=\"7ba12bc\" data-element_type=\"column\" data-e-type=\"column\">\n\t\t\t<div class=\"elementor-widget-wrap elementor-element-populated\">\n\t\t\t\t\t\t\t<\/div>\n\t\t<\/div>\n\t\t\t\t\t<\/div>\n\t\t<\/section>\n\t\t\t\t<\/div>\n\t\t","protected":false},"excerpt":{"rendered":"","protected":false},"author":1,"featured_media":0,"parent":0,"menu_order":0,"comment_status":"closed","ping_status":"closed","template":"","meta":{"footnotes":""},"class_list":["post-2154","page","type-page","status-publish","hentry"],"yoast_head":"<!-- This site is optimized with the Yoast SEO plugin v27.2 - https:\/\/yoast.com\/product\/yoast-seo-wordpress\/ -->\n<title>K\u00f6sz\u00f6n\u00f6m. - Feel young 2<\/title>\n<meta name=\"robots\" content=\"index, follow, max-snippet:-1, max-image-preview:large, max-video-preview:-1\" \/>\n<link rel=\"canonical\" href=\"https:\/\/feelyoung2.com\/hu\/?page_id=2154\" \/>\n<meta property=\"og:locale\" content=\"hu_HU\" \/>\n<meta property=\"og:type\" content=\"article\" \/>\n<meta property=\"og:title\" content=\"K\u00f6sz\u00f6n\u00f6m. - Feel young 2\" \/>\n<meta property=\"og:url\" content=\"https:\/\/feelyoung2.com\/hu\/?page_id=2154\" \/>\n<meta property=\"og:site_name\" content=\"Feel young 2\" \/>\n<meta property=\"article:modified_time\" content=\"2023-10-14T09:42:43+00:00\" \/>\n<meta name=\"twitter:card\" content=\"summary_large_image\" \/>\n<script type=\"application\/ld+json\" class=\"yoast-schema-graph\">{\"@context\":\"https:\/\/schema.org\",\"@graph\":[{\"@type\":\"WebPage\",\"@id\":\"https:\/\/feelyoung2.com\/hu\/?page_id=2154\",\"url\":\"https:\/\/feelyoung2.com\/hu\/?page_id=2154\",\"name\":\"K\u00f6sz\u00f6n\u00f6m. - Feel young 2\",\"isPartOf\":{\"@id\":\"https:\/\/feelyoung2.com\/#website\"},\"datePublished\":\"2023-09-07T11:33:04+00:00\",\"dateModified\":\"2023-10-14T09:42:43+00:00\",\"breadcrumb\":{\"@id\":\"https:\/\/feelyoung2.com\/hu\/?page_id=2154#breadcrumb\"},\"inLanguage\":\"hu\",\"potentialAction\":[{\"@type\":\"ReadAction\",\"target\":[\"https:\/\/feelyoung2.com\/hu\/?page_id=2154\"]}]},{\"@type\":\"BreadcrumbList\",\"@id\":\"https:\/\/feelyoung2.com\/hu\/?page_id=2154#breadcrumb\",\"itemListElement\":[{\"@type\":\"ListItem\",\"position\":1,\"name\":\"Home\",\"item\":\"https:\/\/feelyoung2.com\/hu\/\"},{\"@type\":\"ListItem\",\"position\":2,\"name\":\"K\u00f6sz\u00f6n\u00f6m.\"}]},{\"@type\":\"WebSite\",\"@id\":\"https:\/\/feelyoung2.com\/#website\",\"url\":\"https:\/\/feelyoung2.com\/\",\"name\":\"Feel young 2\",\"description\":\"Gives you protection, Energy and Harmony\",\"publisher\":{\"@id\":\"https:\/\/feelyoung2.com\/#organization\"},\"potentialAction\":[{\"@type\":\"SearchAction\",\"target\":{\"@type\":\"EntryPoint\",\"urlTemplate\":\"https:\/\/feelyoung2.com\/?s={search_term_string}\"},\"query-input\":{\"@type\":\"PropertyValueSpecification\",\"valueRequired\":true,\"valueName\":\"search_term_string\"}}],\"inLanguage\":\"hu\"},{\"@type\":\"Organization\",\"@id\":\"https:\/\/feelyoung2.com\/#organization\",\"name\":\"Feel young 2 FZCO\",\"url\":\"https:\/\/feelyoung2.com\/\",\"logo\":{\"@type\":\"ImageObject\",\"inLanguage\":\"hu\",\"@id\":\"https:\/\/feelyoung2.com\/#\/schema\/logo\/image\/\",\"url\":\"https:\/\/feelyoung2.com\/wp-content\/uploads\/2023\/06\/2.png\",\"contentUrl\":\"https:\/\/feelyoung2.com\/wp-content\/uploads\/2023\/06\/2.png\",\"width\":1080,\"height\":1080,\"caption\":\"Feel young 2 FZCO\"},\"image\":{\"@id\":\"https:\/\/feelyoung2.com\/#\/schema\/logo\/image\/\"}}]}<\/script>\n<!-- \/ Yoast SEO plugin. -->","yoast_head_json":{"title":"K\u00f6sz\u00f6n\u00f6m. - Feel young 2","robots":{"index":"index","follow":"follow","max-snippet":"max-snippet:-1","max-image-preview":"max-image-preview:large","max-video-preview":"max-video-preview:-1"},"canonical":"https:\/\/feelyoung2.com\/hu\/?page_id=2154","og_locale":"hu_HU","og_type":"article","og_title":"K\u00f6sz\u00f6n\u00f6m. - Feel young 2","og_url":"https:\/\/feelyoung2.com\/hu\/?page_id=2154","og_site_name":"Feel young 2","article_modified_time":"2023-10-14T09:42:43+00:00","twitter_card":"summary_large_image","schema":{"@context":"https:\/\/schema.org","@graph":[{"@type":"WebPage","@id":"https:\/\/feelyoung2.com\/hu\/?page_id=2154","url":"https:\/\/feelyoung2.com\/hu\/?page_id=2154","name":"K\u00f6sz\u00f6n\u00f6m. - Feel young 2","isPartOf":{"@id":"https:\/\/feelyoung2.com\/#website"},"datePublished":"2023-09-07T11:33:04+00:00","dateModified":"2023-10-14T09:42:43+00:00","breadcrumb":{"@id":"https:\/\/feelyoung2.com\/hu\/?page_id=2154#breadcrumb"},"inLanguage":"hu","potentialAction":[{"@type":"ReadAction","target":["https:\/\/feelyoung2.com\/hu\/?page_id=2154"]}]},{"@type":"BreadcrumbList","@id":"https:\/\/feelyoung2.com\/hu\/?page_id=2154#breadcrumb","itemListElement":[{"@type":"ListItem","position":1,"name":"Home","item":"https:\/\/feelyoung2.com\/hu\/"},{"@type":"ListItem","position":2,"name":"K\u00f6sz\u00f6n\u00f6m."}]},{"@type":"WebSite","@id":"https:\/\/feelyoung2.com\/#website","url":"https:\/\/feelyoung2.com\/","name":"Feel young 2","description":"Gives you protection, Energy and Harmony","publisher":{"@id":"https:\/\/feelyoung2.com\/#organization"},"potentialAction":[{"@type":"SearchAction","target":{"@type":"EntryPoint","urlTemplate":"https:\/\/feelyoung2.com\/?s={search_term_string}"},"query-input":{"@type":"PropertyValueSpecification","valueRequired":true,"valueName":"search_term_string"}}],"inLanguage":"hu"},{"@type":"Organization","@id":"https:\/\/feelyoung2.com\/#organization","name":"Feel young 2 FZCO","url":"https:\/\/feelyoung2.com\/","logo":{"@type":"ImageObject","inLanguage":"hu","@id":"https:\/\/feelyoung2.com\/#\/schema\/logo\/image\/","url":"https:\/\/feelyoung2.com\/wp-content\/uploads\/2023\/06\/2.png","contentUrl":"https:\/\/feelyoung2.com\/wp-content\/uploads\/2023\/06\/2.png","width":1080,"height":1080,"caption":"Feel young 2 FZCO"},"image":{"@id":"https:\/\/feelyoung2.com\/#\/schema\/logo\/image\/"}}]}},"_links":{"self":[{"href":"https:\/\/feelyoung2.com\/hu\/wp-json\/wp\/v2\/pages\/2154","targetHints":{"allow":["GET"]}}],"collection":[{"href":"https:\/\/feelyoung2.com\/hu\/wp-json\/wp\/v2\/pages"}],"about":[{"href":"https:\/\/feelyoung2.com\/hu\/wp-json\/wp\/v2\/types\/page"}],"author":[{"embeddable":true,"href":"https:\/\/feelyoung2.com\/hu\/wp-json\/wp\/v2\/users\/1"}],"replies":[{"embeddable":true,"href":"https:\/\/feelyoung2.com\/hu\/wp-json\/wp\/v2\/comments?post=2154"}],"version-history":[{"count":1,"href":"https:\/\/feelyoung2.com\/hu\/wp-json\/wp\/v2\/pages\/2154\/revisions"}],"predecessor-version":[{"id":2157,"href":"https:\/\/feelyoung2.com\/hu\/wp-json\/wp\/v2\/pages\/2154\/revisions\/2157"}],"wp:attachment":[{"href":"https:\/\/feelyoung2.com\/hu\/wp-json\/wp\/v2\/media?parent=2154"}],"curies":[{"name":"wp","href":"https:\/\/api.w.org\/{rel}","templated":true}]}}