{"id":2110,"date":"2023-09-01T12:02:41","date_gmt":"2023-09-01T10:02:41","guid":{"rendered":"https:\/\/feelyoung2.com\/elveszett-jelszo\/"},"modified":"2023-10-14T11:42:31","modified_gmt":"2023-10-14T09:42:31","slug":"elveszett-jelszo","status":"publish","type":"page","link":"https:\/\/feelyoung2.com\/hu\/elveszett-jelszo\/","title":{"rendered":"Elveszett jelsz\u00f3"},"content":{"rendered":"\t\t<div data-elementor-type=\"wp-page\" data-elementor-id=\"2110\" class=\"elementor elementor-2110 elementor-1538\" data-elementor-post-type=\"page\">\n\t\t\t\t\t\t<section class=\"elementor-section elementor-top-section elementor-element elementor-element-52549bce elementor-section-boxed elementor-section-height-default elementor-section-height-default\" data-id=\"52549bce\" data-element_type=\"section\" data-e-type=\"section\">\n\t\t\t\t\t\t<div class=\"elementor-container elementor-column-gap-default\">\n\t\t\t\t\t<div class=\"elementor-column elementor-col-100 elementor-top-column elementor-element elementor-element-702a8181\" data-id=\"702a8181\" data-element_type=\"column\" data-e-type=\"column\">\n\t\t\t<div class=\"elementor-widget-wrap elementor-element-populated\">\n\t\t\t\t\t\t<div class=\"elementor-element elementor-element-36737a59 elementor-widget elementor-widget-text-editor\" data-id=\"36737a59\" data-element_type=\"widget\" data-e-type=\"widget\" data-widget_type=\"text-editor.default\">\n\t\t\t\t<div class=\"elementor-widget-container\">\n\t\t\t\t\t\t\t\t\t<p>Adja meg felhaszn\u00e1l\u00f3nev\u00e9t vagy e-mail c\u00edm\u00e9t az al\u00e1bbiakban. E-mailben kap egy linket a jelentkez\u00e9s meger\u0151s\u00edt\u00e9s\u00e9hez. E-mailben kap egy \u00faj jelsz\u00f3t, amelyet k\u00e9s\u0151bb a Fi\u00f3komban m\u00f3dos\u00edthat.<\/p>\n\r\n<div class=\"uap-pass-form-wrap uap-login-template-8\">\r\r\n\t<form method=\"post\" >\r\r\n\t\t<input type=\"hidden\" name=\"uap_reset_password_nonce\" value=\"e828f12bf8\" \/>\r\r\n\t\t<input name=\"uapaction\" type=\"hidden\" value=\"reset_pass\">\r\r\n\r\r\n\t\r\n\t\t\t\t\t<div class=\"uap-form-line-fr\">\r\r\n\t\t\t\t\t\t<i class=\"fa-uap fa-username-uap\"><\/i>\r\r\n\t\t\t\t\t\t<input type=\"text\" value=\"\" name=\"email_or_userlogin\" placeholder=\"Username or E-mail\" \/>\r\r\n\t\t\t\t\t<\/div>\r\r\n\t\t\t\t\t<div class=\"uap-form-line-fr uap-form-submit\">\r\r\n\t\t\t\t\t\t<input type=\"submit\" value=\"Get New Password\" name=\"Submit\" class=\"button button-primary button-large uap-reset-password-button\" \/>\r\r\n\t\t\t\t\t<\/div>\r\r\n\t\t\t\t\r\n\r\r\n\t<\/form>\r\r\n\t\r\n<\/div>\r\r\n\t\t\t\t\t\t\t\t<\/div>\n\t\t\t\t<\/div>\n\t\t\t\t\t<\/div>\n\t\t<\/div>\n\t\t\t\t\t<\/div>\n\t\t<\/section>\n\t\t\t\t<\/div>\n\t\t","protected":false},"excerpt":{"rendered":"<p>Adja meg felhaszn\u00e1l\u00f3nev\u00e9t vagy e-mail c\u00edm\u00e9t az al\u00e1bbiakban. E-mailben kap egy linket a jelentkez\u00e9s meger\u0151s\u00edt\u00e9s\u00e9hez. E-mailben kap egy \u00faj jelsz\u00f3t, amelyet k\u00e9s\u0151bb a Fi\u00f3komban m\u00f3dos\u00edthat.<\/p>\n","protected":false},"author":1,"featured_media":0,"parent":0,"menu_order":0,"comment_status":"closed","ping_status":"closed","template":"","meta":{"footnotes":""},"class_list":["post-2110","page","type-page","status-publish","hentry"],"yoast_head":"<!-- This site is optimized with the Yoast SEO plugin v27.2 - https:\/\/yoast.com\/product\/yoast-seo-wordpress\/ -->\n<title>Elveszett jelsz\u00f3 - Feel young 2<\/title>\n<meta name=\"robots\" content=\"index, follow, max-snippet:-1, max-image-preview:large, max-video-preview:-1\" \/>\n<link rel=\"canonical\" href=\"https:\/\/feelyoung2.com\/hu\/?page_id=2110\" \/>\n<meta property=\"og:locale\" content=\"hu_HU\" \/>\n<meta property=\"og:type\" content=\"article\" \/>\n<meta property=\"og:title\" content=\"Elveszett jelsz\u00f3 - Feel young 2\" \/>\n<meta property=\"og:description\" content=\"Adja meg felhaszn\u00e1l\u00f3nev\u00e9t vagy e-mail c\u00edm\u00e9t az al\u00e1bbiakban. E-mailben kap egy linket a jelentkez\u00e9s meger\u0151s\u00edt\u00e9s\u00e9hez. E-mailben kap egy \u00faj jelsz\u00f3t, amelyet k\u00e9s\u0151bb a Fi\u00f3komban m\u00f3dos\u00edthat.\" \/>\n<meta property=\"og:url\" content=\"https:\/\/feelyoung2.com\/hu\/?page_id=2110\" \/>\n<meta property=\"og:site_name\" content=\"Feel young 2\" \/>\n<meta property=\"article:modified_time\" content=\"2023-10-14T09:42:31+00:00\" \/>\n<meta name=\"twitter:card\" content=\"summary_large_image\" \/>\n<script type=\"application\/ld+json\" class=\"yoast-schema-graph\">{\"@context\":\"https:\/\/schema.org\",\"@graph\":[{\"@type\":\"WebPage\",\"@id\":\"https:\/\/feelyoung2.com\/hu\/?page_id=2110\",\"url\":\"https:\/\/feelyoung2.com\/hu\/?page_id=2110\",\"name\":\"Elveszett jelsz\u00f3 - Feel young 2\",\"isPartOf\":{\"@id\":\"https:\/\/feelyoung2.com\/#website\"},\"datePublished\":\"2023-09-01T10:02:41+00:00\",\"dateModified\":\"2023-10-14T09:42:31+00:00\",\"breadcrumb\":{\"@id\":\"https:\/\/feelyoung2.com\/hu\/?page_id=2110#breadcrumb\"},\"inLanguage\":\"hu\",\"potentialAction\":[{\"@type\":\"ReadAction\",\"target\":[\"https:\/\/feelyoung2.com\/hu\/?page_id=2110\"]}]},{\"@type\":\"BreadcrumbList\",\"@id\":\"https:\/\/feelyoung2.com\/hu\/?page_id=2110#breadcrumb\",\"itemListElement\":[{\"@type\":\"ListItem\",\"position\":1,\"name\":\"Home\",\"item\":\"https:\/\/feelyoung2.com\/hu\/\"},{\"@type\":\"ListItem\",\"position\":2,\"name\":\"Elveszett jelsz\u00f3\"}]},{\"@type\":\"WebSite\",\"@id\":\"https:\/\/feelyoung2.com\/#website\",\"url\":\"https:\/\/feelyoung2.com\/\",\"name\":\"Feel young 2\",\"description\":\"Gives you protection, Energy and Harmony\",\"publisher\":{\"@id\":\"https:\/\/feelyoung2.com\/#organization\"},\"potentialAction\":[{\"@type\":\"SearchAction\",\"target\":{\"@type\":\"EntryPoint\",\"urlTemplate\":\"https:\/\/feelyoung2.com\/?s={search_term_string}\"},\"query-input\":{\"@type\":\"PropertyValueSpecification\",\"valueRequired\":true,\"valueName\":\"search_term_string\"}}],\"inLanguage\":\"hu\"},{\"@type\":\"Organization\",\"@id\":\"https:\/\/feelyoung2.com\/#organization\",\"name\":\"Feel young 2 FZCO\",\"url\":\"https:\/\/feelyoung2.com\/\",\"logo\":{\"@type\":\"ImageObject\",\"inLanguage\":\"hu\",\"@id\":\"https:\/\/feelyoung2.com\/#\/schema\/logo\/image\/\",\"url\":\"https:\/\/feelyoung2.com\/wp-content\/uploads\/2023\/06\/2.png\",\"contentUrl\":\"https:\/\/feelyoung2.com\/wp-content\/uploads\/2023\/06\/2.png\",\"width\":1080,\"height\":1080,\"caption\":\"Feel young 2 FZCO\"},\"image\":{\"@id\":\"https:\/\/feelyoung2.com\/#\/schema\/logo\/image\/\"}}]}<\/script>\n<!-- \/ Yoast SEO plugin. -->","yoast_head_json":{"title":"Elveszett jelsz\u00f3 - Feel young 2","robots":{"index":"index","follow":"follow","max-snippet":"max-snippet:-1","max-image-preview":"max-image-preview:large","max-video-preview":"max-video-preview:-1"},"canonical":"https:\/\/feelyoung2.com\/hu\/?page_id=2110","og_locale":"hu_HU","og_type":"article","og_title":"Elveszett jelsz\u00f3 - Feel young 2","og_description":"Adja meg felhaszn\u00e1l\u00f3nev\u00e9t vagy e-mail c\u00edm\u00e9t az al\u00e1bbiakban. E-mailben kap egy linket a jelentkez\u00e9s meger\u0151s\u00edt\u00e9s\u00e9hez. E-mailben kap egy \u00faj jelsz\u00f3t, amelyet k\u00e9s\u0151bb a Fi\u00f3komban m\u00f3dos\u00edthat.","og_url":"https:\/\/feelyoung2.com\/hu\/?page_id=2110","og_site_name":"Feel young 2","article_modified_time":"2023-10-14T09:42:31+00:00","twitter_card":"summary_large_image","schema":{"@context":"https:\/\/schema.org","@graph":[{"@type":"WebPage","@id":"https:\/\/feelyoung2.com\/hu\/?page_id=2110","url":"https:\/\/feelyoung2.com\/hu\/?page_id=2110","name":"Elveszett jelsz\u00f3 - Feel young 2","isPartOf":{"@id":"https:\/\/feelyoung2.com\/#website"},"datePublished":"2023-09-01T10:02:41+00:00","dateModified":"2023-10-14T09:42:31+00:00","breadcrumb":{"@id":"https:\/\/feelyoung2.com\/hu\/?page_id=2110#breadcrumb"},"inLanguage":"hu","potentialAction":[{"@type":"ReadAction","target":["https:\/\/feelyoung2.com\/hu\/?page_id=2110"]}]},{"@type":"BreadcrumbList","@id":"https:\/\/feelyoung2.com\/hu\/?page_id=2110#breadcrumb","itemListElement":[{"@type":"ListItem","position":1,"name":"Home","item":"https:\/\/feelyoung2.com\/hu\/"},{"@type":"ListItem","position":2,"name":"Elveszett jelsz\u00f3"}]},{"@type":"WebSite","@id":"https:\/\/feelyoung2.com\/#website","url":"https:\/\/feelyoung2.com\/","name":"Feel young 2","description":"Gives you protection, Energy and Harmony","publisher":{"@id":"https:\/\/feelyoung2.com\/#organization"},"potentialAction":[{"@type":"SearchAction","target":{"@type":"EntryPoint","urlTemplate":"https:\/\/feelyoung2.com\/?s={search_term_string}"},"query-input":{"@type":"PropertyValueSpecification","valueRequired":true,"valueName":"search_term_string"}}],"inLanguage":"hu"},{"@type":"Organization","@id":"https:\/\/feelyoung2.com\/#organization","name":"Feel young 2 FZCO","url":"https:\/\/feelyoung2.com\/","logo":{"@type":"ImageObject","inLanguage":"hu","@id":"https:\/\/feelyoung2.com\/#\/schema\/logo\/image\/","url":"https:\/\/feelyoung2.com\/wp-content\/uploads\/2023\/06\/2.png","contentUrl":"https:\/\/feelyoung2.com\/wp-content\/uploads\/2023\/06\/2.png","width":1080,"height":1080,"caption":"Feel young 2 FZCO"},"image":{"@id":"https:\/\/feelyoung2.com\/#\/schema\/logo\/image\/"}}]}},"_links":{"self":[{"href":"https:\/\/feelyoung2.com\/hu\/wp-json\/wp\/v2\/pages\/2110","targetHints":{"allow":["GET"]}}],"collection":[{"href":"https:\/\/feelyoung2.com\/hu\/wp-json\/wp\/v2\/pages"}],"about":[{"href":"https:\/\/feelyoung2.com\/hu\/wp-json\/wp\/v2\/types\/page"}],"author":[{"embeddable":true,"href":"https:\/\/feelyoung2.com\/hu\/wp-json\/wp\/v2\/users\/1"}],"replies":[{"embeddable":true,"href":"https:\/\/feelyoung2.com\/hu\/wp-json\/wp\/v2\/comments?post=2110"}],"version-history":[{"count":2,"href":"https:\/\/feelyoung2.com\/hu\/wp-json\/wp\/v2\/pages\/2110\/revisions"}],"predecessor-version":[{"id":2112,"href":"https:\/\/feelyoung2.com\/hu\/wp-json\/wp\/v2\/pages\/2110\/revisions\/2112"}],"wp:attachment":[{"href":"https:\/\/feelyoung2.com\/hu\/wp-json\/wp\/v2\/media?parent=2110"}],"curies":[{"name":"wp","href":"https:\/\/api.w.org\/{rel}","templated":true}]}}