{"id":2097,"date":"2023-05-30T08:36:53","date_gmt":"2023-05-30T06:36:53","guid":{"rendered":"https:\/\/feelyoung2.com\/adatvedelmi-szabalyzat\/"},"modified":"2023-10-14T11:42:27","modified_gmt":"2023-10-14T09:42:27","slug":"adatvedelmi-szabalyzat","status":"publish","type":"page","link":"https:\/\/feelyoung2.com\/hu\/adatvedelmi-szabalyzat\/","title":{"rendered":"Adatv\u00e9delmi szab\u00e1lyzat"},"content":{"rendered":"\t\t<div data-elementor-type=\"wp-page\" data-elementor-id=\"2097\" class=\"elementor elementor-2097 elementor-3\" data-elementor-post-type=\"page\">\n\t\t\t\t\t\t<section class=\"elementor-section elementor-top-section elementor-element elementor-element-69f8b65c elementor-section-boxed elementor-section-height-default elementor-section-height-default\" data-id=\"69f8b65c\" data-element_type=\"section\" data-e-type=\"section\">\n\t\t\t\t\t\t<div class=\"elementor-container elementor-column-gap-default\">\n\t\t\t\t\t<div class=\"elementor-column elementor-col-100 elementor-top-column elementor-element elementor-element-66ff2b80\" data-id=\"66ff2b80\" data-element_type=\"column\" data-e-type=\"column\">\n\t\t\t<div class=\"elementor-widget-wrap elementor-element-populated\">\n\t\t\t\t\t\t<div class=\"elementor-element elementor-element-e6c0a29 elementor-widget elementor-widget-gradient_heading\" data-id=\"e6c0a29\" data-element_type=\"widget\" data-e-type=\"widget\" data-widget_type=\"gradient_heading.default\">\n\t\t\t\t<div class=\"elementor-widget-container\">\n\t\t\t\t\t\n\t\t\n            <h1 class=\"gradient-text\">\n                Privacybeleid            <\/h1>\n\t\t\n\t\t\t\t\t\t\t<\/div>\n\t\t\t\t<\/div>\n\t\t\t\t<div class=\"elementor-element elementor-element-32108637 elementor-widget elementor-widget-text-editor\" data-id=\"32108637\" data-element_type=\"widget\" data-e-type=\"widget\" data-widget_type=\"text-editor.default\">\n\t\t\t\t<div class=\"elementor-widget-container\">\n\t\t\t\t\t\t\t\t\t\n<p><strong>Bevezet\u00e9s<\/strong><\/p>\n<p>A FeelYoung2 BV tiszteletben tartja weboldal\u00e1nak \u00e9s szolg\u00e1ltat\u00e1sainak minden felhaszn\u00e1l\u00f3j\u00e1nak mag\u00e1n\u00e9let\u00e9t, \u00e9s a szem\u00e9lyes adatokat bizalmasan kezeli. Szem\u00e9lyes adatait arra haszn\u00e1ljuk fel, hogy a lehet\u0151 leggyorsabban \u00e9s legegyszer\u0171bben int\u00e9zhess\u00fck az \u00d6n k\u00e9r\u00e9seit, \u00e9s optimaliz\u00e1ljuk szolg\u00e1ltat\u00e1sainkat. Marketingc\u00e9lokra csak az \u00d6n beleegyez\u00e9s\u00e9vel haszn\u00e1ljuk fel az \u00d6n adatait.<\/p>\n<p>Ez a nyilatkozat t\u00e1j\u00e9koztatja \u00d6nt arr\u00f3l, hogyan kezelj\u00fck a sz\u00f3ban forg\u00f3 inform\u00e1ci\u00f3kat, \u00e9s milyen c\u00e9lokra haszn\u00e1ljuk fel azokat.<\/p>\n<p><strong>Ki a felel\u0151s a szem\u00e9lyes adataim\u00e9rt?<\/strong><\/p>\n<p>Ez az adatv\u00e9delmi nyilatkozat a FeelYoung2 BV \u00e9s kapcsolt v\u00e1llalkoz\u00e1sai (a tov\u00e1bbiakban: FY2) \u00e1ltal v\u00e9gzett adatfeldolgoz\u00e1sra vonatkozik. A szem\u00e9lyes adatok kezel\u0151je a FY2. Az \u00d6n szem\u00e9lyes adatait nem adjuk el harmadik f\u00e9lnek.<\/p>\n<p><strong>Milyen szem\u00e9lyes adatokat t\u00e1rolnak?<\/strong><\/p>\n<p>A t\u00e1rolt adatok az \u00d6n \u00e1ltal nek\u00fcnk megadott adatokra \u00e9s az online csatorn\u00e1inkon tett l\u00e1togat\u00e1sokra vonatkoz\u00f3 adatokra vonatkoznak. Gondolhatsz:<\/p>\n<ul>\n<li>Term\u00e9keink v\u00e1s\u00e1rl\u00e1sa \u00e9s sz\u00e1ll\u00edt\u00e1sa: amikor \u00d6n term\u00e9keket b\u00e9rel vagy v\u00e1s\u00e1rol, az \u00d6n \u00e1ltal megadott szem\u00e9lyes adatokat mi kezelj\u00fck. P\u00e9ld\u00e1ul n\u00e9v- \u00e9s c\u00edmadatok \u00e9s p\u00e9nz\u00fcgyi adatok<\/li>\n<li>Fi\u00f3k l\u00e9trehoz\u00e1sa: a fi\u00f3k l\u00e9trehoz\u00e1sakor megadott adatok, p\u00e9ld\u00e1ul az e-mail c\u00edme \u00e9s felhaszn\u00e1l\u00f3neve.<\/li>\n<li>Term\u00e9kek vagy szolg\u00e1ltat\u00e1sok ig\u00e9nyl\u00e9se weboldalainkon \u00e9s alkalmaz\u00e1sainkon kereszt\u00fcl: a term\u00e9k (pl. katal\u00f3gus) ig\u00e9nyl\u00e9sekor megadott adatok, p\u00e9ld\u00e1ul az \u00d6n e-mail c\u00edme.<\/li>\n<li>Weboldal- \u00e9s alkalmaz\u00e1shaszn\u00e1lat: weboldal- \u00e9s alkalmaz\u00e1shaszn\u00e1lati adatok, mint p\u00e9ld\u00e1ul a megl\u00e1togatott oldalak<\/li>\n<\/ul>\n<p><strong><br>Hogyan fogj\u00e1k felhaszn\u00e1lni a szem\u00e9lyes adataimat?<\/strong><\/p>\n<p>Az adatok felhaszn\u00e1lhat\u00f3k:<\/p>\n<ul>\n<li>Megrendel\u00e9sek \u00e9s visszak\u00fcld\u00e9sek feldolgoz\u00e1sa<\/li>\n<li>Szem\u00e9lyes fi\u00f3k l\u00e9trehoz\u00e1sa<\/li>\n<li>Kapcsolat a megrendel\u00e9ssel kapcsolatos probl\u00e9m\u00e1k vagy k\u00e9rd\u00e9sek eset\u00e9n<\/li>\n<li>T\u00e1j\u00e9koztat\u00e1s \u00faj \u00e9s\/vagy megv\u00e1ltozott szolg\u00e1ltat\u00e1sokr\u00f3l<\/li>\n<li>marketing c\u00e9lokra, mint p\u00e9ld\u00e1ul h\u00edrlevelek \u00e9s c\u00e9lzott aj\u00e1nlatok k\u00fcld\u00e9se<\/li>\n<li>Elemz\u00e9sek k\u00e9sz\u00edt\u00e9se szolg\u00e1ltat\u00e1saink jav\u00edt\u00e1sa \u00e9rdek\u00e9ben<\/li>\n<li>Vezet\u0151i inform\u00e1ci\u00f3k \u00f6ssze\u00e1ll\u00edt\u00e1sa a term\u00e9k- \u00e9s szolg\u00e1ltat\u00e1sfejleszt\u00e9s c\u00e9lj\u00e1b\u00f3l<\/li>\n<li>A vissza\u00e9l\u00e9sek \u00e9s a szolg\u00e1ltat\u00e1saink nem megfelel\u0151 haszn\u00e1lat\u00e1nak megel\u0151z\u00e9se<\/li>\n<\/ul>\n<p><strong>Mennyi ideig t\u00e1rolj\u00e1k az adataimat?<\/strong><\/p>\n<p>Az FY2 nem \u0151rzi meg az \u00d6n adatait tov\u00e1bb, mint amennyi az adatgy\u0171jt\u00e9s \u00e9s -feldolgoz\u00e1s c\u00e9ljainak el\u00e9r\u00e9s\u00e9hez sz\u00fcks\u00e9ges, illetve ameddig a t\u00f6rv\u00e9ny el\u0151\u00edrja.<\/p>\n<p><strong>Mik a jogaim?<\/strong><\/p>\n<p>\u00d6n b\u00e1rmikor (\u00e9vente egyszer ingyenesen) jogosult t\u00e1j\u00e9koztat\u00e1st k\u00e9rni szem\u00e9lyes adatair\u00f3l. Amennyiben adatai helytelenek, hi\u00e1nyosak vagy nem alkalmazhat\u00f3ak, m\u00f3dos\u00edt\u00f3\/t\u00f6rl\u00e9si k\u00e9relmet ny\u00fajthat be. Ha vissza szeretn\u00e9 k\u00e9rni, t\u00f6r\u00f6lni vagy m\u00f3dos\u00edtani szeretn\u00e9 adatait, ezt a <a href=\"mailto:Marcel@feelyoung2.com\">Marcel@feelyoung2.com<\/a> c\u00edmen teheti meg. A vissza\u00e9l\u00e9sek megel\u0151z\u00e9se \u00e9rdek\u00e9ben megk\u00e9rhetj\u00fck, hogy megfelel\u0151en azonos\u00edtsa mag\u00e1t.<\/p>\n<p>Nem t\u00f6r\u00f6lhetj\u00fck az \u00d6n adatait, ha t\u00f6rv\u00e9nyben meghat\u00e1rozott t\u00e1rol\u00e1si k\u00f6telezetts\u00e9g \u00e1ll fenn, p\u00e9ld\u00e1ul a sz\u00e1mviteli szab\u00e1lyok, vagy ha egy\u00e9b t\u00f6rv\u00e9nyes okok miatt, p\u00e9ld\u00e1ul fenn\u00e1ll\u00f3 tartoz\u00e1sok miatt az adatok meg\u0151rz\u00e9s\u00e9re van sz\u00fcks\u00e9g.<\/p>\n<p><strong>Hogyan lesznek biztos\u00edtva a szem\u00e9lyes adataim?<\/strong><\/p>\n<p>A FY2 technikai \u00e9s szervezeti int\u00e9zked\u00e9seket alkalmaz a szem\u00e9lyes adatok v\u00e9delme \u00e9rdek\u00e9ben, p\u00e9ld\u00e1ul titkos\u00edtja az \u00e9rz\u00e9keny inform\u00e1ci\u00f3kat, \u00e9s a telephelyeinkhez val\u00f3 hozz\u00e1f\u00e9r\u00e9s ellen\u0151rz\u00e9s\u00e9t, valamint a munkav\u00e1llal\u00f3k korl\u00e1tozott csoportjainak enged\u00e9lyez\u00e9s\u00e9t. Folyamatosan fejlesztj\u00fck biztons\u00e1gi int\u00e9zked\u00e9seinket a technol\u00f3giai fejl\u0151d\u00e9s \u00e9s a technol\u00f3giai fejleszt\u00e9sek eset\u00e9n.<\/p>\n<p>Az FY2 weboldalai lehet\u0151s\u00e9get k\u00edn\u00e1lhatnak \u00d6nnek arra, hogy m\u00e1s, az FY2-vel nem kapcsolatban \u00e1ll\u00f3 weboldalakra kattintson \u00e1t. Az FY2 nem rendelkezik ellen\u0151rz\u00e9ssel az ilyen weboldalak vagy weboldalak tartalma vagy egy\u00e9b jellemz\u0151i felett, \u00e9s semmilyen m\u00f3don nem v\u00e1llal felel\u0151ss\u00e9get azok tartalm\u00e1\u00e9rt vagy jellemz\u0151i\u00e9rt.<\/p>\n<p><strong>S\u00fctik haszn\u00e1lata<\/strong><\/p>\n<p>A FY2 cookie-kat haszn\u00e1l. A s\u00fcti egy kis f\u00e1jl, amelyet a weboldalunk oldalaihoz k\u00fcld\u00fcnk, \u00e9s amelyet az \u00d6n b\u00f6ng\u00e9sz\u0151je t\u00e1rol a sz\u00e1m\u00edt\u00f3g\u00e9p\u00e9n, mobiltelefonj\u00e1n vagy t\u00e1blag\u00e9p\u00e9n.<\/p>\n<p>Weboldalunk s\u00fctiket haszn\u00e1l a weboldalunkra val\u00f3 bejelentkez\u00e9s megk\u00f6nny\u00edt\u00e9s\u00e9re, a bev\u00e1s\u00e1rl\u00f3kos\u00e1r felt\u00f6lt\u00e9s\u00e9re, valamint a be\u00e1ll\u00edt\u00e1sok \u00e9s preferenci\u00e1k megjegyz\u00e9s\u00e9re. A b\u00f6ng\u00e9sz\u0151je seg\u00edts\u00e9g\u00e9vel letilthatja ezeket a s\u00fctiket, de ez h\u00e1tr\u00e1nyosan befoly\u00e1solhatja a weboldal k\u00f6nny\u0171 haszn\u00e1lat\u00e1t.<\/p>\n<p>A cookie-kat csak saj\u00e1t maga t\u00f6r\u00f6lheti, mivel azok az \u00d6n sz\u00e1m\u00edt\u00f3g\u00e9p\u00e9n, mobiltelefonj\u00e1n vagy t\u00e1blag\u00e9p\u00e9n t\u00e1rol\u00f3dnak. A s\u00fctik t\u00f6rl\u00e9s\u00e9hez olvassa el a b\u00f6ng\u00e9sz\u0151 k\u00e9zik\u00f6nyv\u00e9t.<\/p>\n<p><strong>Harmadik f\u00e9lt\u0151l sz\u00e1rmaz\u00f3 s\u00fctik<\/strong><\/p>\n<p>A FY2 harmadik f\u00e9lt\u0151l sz\u00e1rmaz\u00f3 s\u00fctiket haszn\u00e1l statisztikai adatok gy\u0171jt\u00e9s\u00e9re az elemz\u0151 eszk\u00f6z\u00f6k, p\u00e9ld\u00e1ul a Google Analytics sz\u00e1m\u00e1ra. Az FY2 ezeket a szolg\u00e1ltat\u00e1sokat arra haszn\u00e1lja, hogy betekint\u00e9st nyerjen abba, hogyan haszn\u00e1lj\u00e1k a l\u00e1togat\u00f3k a weboldalt.<\/p>\n<p>A Google \u00e1ltal gy\u0171jt\u00f6tt inform\u00e1ci\u00f3kat a lehet\u0151 legnagyobb m\u00e9rt\u00e9kben anonimiz\u00e1ljuk. Az \u00d6n IP-c\u00edm\u00e9t kifejezetten nem t\u00e1roljuk.<\/p>\n<p><strong>Az adatv\u00e9delmi nyilatkozat m\u00f3dos\u00edt\u00e1sai<\/strong><\/p>\n<p>Az adatv\u00e9delmi nyilatkozat v\u00e1ltozhat. Ellen\u0151rizze ezt az oldalt, ha b\u00e1rmilyen v\u00e1ltoz\u00e1s t\u00f6rt\u00e9nt.<\/p>\n<p><strong>Kapcsolat<\/strong><\/p>\n<p>FeelYoung2 BV<br>Potgieter utca 4<br>6191 EA Beek<br>Hollandia<br>E<a href=\"mailto:Marcel@feelyoung2.com\">-Mail:M<\/a>arcel@feelyoung2.com<br>Telefon: 06 22208073<\/p>\n<p>Ezzel az adatv\u00e9delmi ir\u00e1nyelvvel t\u00e1j\u00e9koztatjuk \u00d6nt arr\u00f3l, hogyan kezelj\u00fck az \u00d6n adatait. Ha b\u00e1rmilyen k\u00e9rd\u00e9s van ezzel kapcsolatban, k\u00e9rj\u00fck, \u00edrjon a <a href=\"mailto:Marcel@feelyoung2.com\">Marcel@feelyoung2.com<\/a> e-mail c\u00edmre.<\/p>\n\t\t\t\t\t\t\t\t<\/div>\n\t\t\t\t<\/div>\n\t\t\t\t\t<\/div>\n\t\t<\/div>\n\t\t\t\t\t<\/div>\n\t\t<\/section>\n\t\t\t\t<\/div>\n\t\t","protected":false},"excerpt":{"rendered":"<p>Privacybeleid Bevezet\u00e9s A FeelYoung2 BV tiszteletben tartja weboldal\u00e1nak \u00e9s szolg\u00e1ltat\u00e1sainak minden felhaszn\u00e1l\u00f3j\u00e1nak mag\u00e1n\u00e9let\u00e9t, \u00e9s a szem\u00e9lyes adatokat bizalmasan kezeli. Szem\u00e9lyes adatait arra haszn\u00e1ljuk fel, hogy a lehet\u0151 leggyorsabban \u00e9s legegyszer\u0171bben int\u00e9zhess\u00fck az \u00d6n k\u00e9r\u00e9seit, \u00e9s optimaliz\u00e1ljuk szolg\u00e1ltat\u00e1sainkat. Marketingc\u00e9lokra csak az \u00d6n beleegyez\u00e9s\u00e9vel haszn\u00e1ljuk fel az \u00d6n adatait. Ez a nyilatkozat t\u00e1j\u00e9koztatja \u00d6nt arr\u00f3l, hogyan kezelj\u00fck [&hellip;]<\/p>\n","protected":false},"author":1,"featured_media":0,"parent":0,"menu_order":0,"comment_status":"closed","ping_status":"closed","template":"","meta":{"footnotes":""},"class_list":["post-2097","page","type-page","status-publish","hentry"],"yoast_head":"<!-- This site is optimized with the Yoast SEO plugin v27.2 - https:\/\/yoast.com\/product\/yoast-seo-wordpress\/ -->\n<title>Adatv\u00e9delmi szab\u00e1lyzat - Feel young 2<\/title>\n<meta name=\"robots\" content=\"index, follow, max-snippet:-1, max-image-preview:large, max-video-preview:-1\" \/>\n<link rel=\"canonical\" href=\"https:\/\/feelyoung2.com\/hu\/?page_id=2097\" \/>\n<meta property=\"og:locale\" content=\"hu_HU\" \/>\n<meta property=\"og:type\" content=\"article\" \/>\n<meta property=\"og:title\" content=\"Adatv\u00e9delmi szab\u00e1lyzat - Feel young 2\" \/>\n<meta property=\"og:description\" content=\"Privacybeleid Bevezet\u00e9s A FeelYoung2 BV tiszteletben tartja weboldal\u00e1nak \u00e9s szolg\u00e1ltat\u00e1sainak minden felhaszn\u00e1l\u00f3j\u00e1nak mag\u00e1n\u00e9let\u00e9t, \u00e9s a szem\u00e9lyes adatokat bizalmasan kezeli. Szem\u00e9lyes adatait arra haszn\u00e1ljuk fel, hogy a lehet\u0151 leggyorsabban \u00e9s legegyszer\u0171bben int\u00e9zhess\u00fck az \u00d6n k\u00e9r\u00e9seit, \u00e9s optimaliz\u00e1ljuk szolg\u00e1ltat\u00e1sainkat. Marketingc\u00e9lokra csak az \u00d6n beleegyez\u00e9s\u00e9vel haszn\u00e1ljuk fel az \u00d6n adatait. Ez a nyilatkozat t\u00e1j\u00e9koztatja \u00d6nt arr\u00f3l, hogyan kezelj\u00fck [&hellip;]\" \/>\n<meta property=\"og:url\" content=\"https:\/\/feelyoung2.com\/hu\/?page_id=2097\" \/>\n<meta property=\"og:site_name\" content=\"Feel young 2\" \/>\n<meta property=\"article:modified_time\" content=\"2023-10-14T09:42:27+00:00\" \/>\n<meta name=\"twitter:card\" content=\"summary_large_image\" \/>\n<meta name=\"twitter:label1\" content=\"Becs\u00fclt olvas\u00e1si id\u0151\" \/>\n\t<meta name=\"twitter:data1\" content=\"5 perc\" \/>\n<script type=\"application\/ld+json\" class=\"yoast-schema-graph\">{\"@context\":\"https:\/\/schema.org\",\"@graph\":[{\"@type\":\"WebPage\",\"@id\":\"https:\/\/feelyoung2.com\/hu\/?page_id=2097\",\"url\":\"https:\/\/feelyoung2.com\/hu\/?page_id=2097\",\"name\":\"Adatv\u00e9delmi szab\u00e1lyzat - Feel young 2\",\"isPartOf\":{\"@id\":\"https:\/\/feelyoung2.com\/#website\"},\"datePublished\":\"2023-05-30T06:36:53+00:00\",\"dateModified\":\"2023-10-14T09:42:27+00:00\",\"breadcrumb\":{\"@id\":\"https:\/\/feelyoung2.com\/hu\/?page_id=2097#breadcrumb\"},\"inLanguage\":\"hu\",\"potentialAction\":[{\"@type\":\"ReadAction\",\"target\":[\"https:\/\/feelyoung2.com\/hu\/?page_id=2097\"]}]},{\"@type\":\"BreadcrumbList\",\"@id\":\"https:\/\/feelyoung2.com\/hu\/?page_id=2097#breadcrumb\",\"itemListElement\":[{\"@type\":\"ListItem\",\"position\":1,\"name\":\"Home\",\"item\":\"https:\/\/feelyoung2.com\/hu\/\"},{\"@type\":\"ListItem\",\"position\":2,\"name\":\"Adatv\u00e9delmi szab\u00e1lyzat\"}]},{\"@type\":\"WebSite\",\"@id\":\"https:\/\/feelyoung2.com\/#website\",\"url\":\"https:\/\/feelyoung2.com\/\",\"name\":\"Feel young 2\",\"description\":\"Gives you protection, Energy and Harmony\",\"publisher\":{\"@id\":\"https:\/\/feelyoung2.com\/#organization\"},\"potentialAction\":[{\"@type\":\"SearchAction\",\"target\":{\"@type\":\"EntryPoint\",\"urlTemplate\":\"https:\/\/feelyoung2.com\/?s={search_term_string}\"},\"query-input\":{\"@type\":\"PropertyValueSpecification\",\"valueRequired\":true,\"valueName\":\"search_term_string\"}}],\"inLanguage\":\"hu\"},{\"@type\":\"Organization\",\"@id\":\"https:\/\/feelyoung2.com\/#organization\",\"name\":\"Feel young 2 FZCO\",\"url\":\"https:\/\/feelyoung2.com\/\",\"logo\":{\"@type\":\"ImageObject\",\"inLanguage\":\"hu\",\"@id\":\"https:\/\/feelyoung2.com\/#\/schema\/logo\/image\/\",\"url\":\"https:\/\/feelyoung2.com\/wp-content\/uploads\/2023\/06\/2.png\",\"contentUrl\":\"https:\/\/feelyoung2.com\/wp-content\/uploads\/2023\/06\/2.png\",\"width\":1080,\"height\":1080,\"caption\":\"Feel young 2 FZCO\"},\"image\":{\"@id\":\"https:\/\/feelyoung2.com\/#\/schema\/logo\/image\/\"}}]}<\/script>\n<!-- \/ Yoast SEO plugin. -->","yoast_head_json":{"title":"Adatv\u00e9delmi szab\u00e1lyzat - Feel young 2","robots":{"index":"index","follow":"follow","max-snippet":"max-snippet:-1","max-image-preview":"max-image-preview:large","max-video-preview":"max-video-preview:-1"},"canonical":"https:\/\/feelyoung2.com\/hu\/?page_id=2097","og_locale":"hu_HU","og_type":"article","og_title":"Adatv\u00e9delmi szab\u00e1lyzat - Feel young 2","og_description":"Privacybeleid Bevezet\u00e9s A FeelYoung2 BV tiszteletben tartja weboldal\u00e1nak \u00e9s szolg\u00e1ltat\u00e1sainak minden felhaszn\u00e1l\u00f3j\u00e1nak mag\u00e1n\u00e9let\u00e9t, \u00e9s a szem\u00e9lyes adatokat bizalmasan kezeli. Szem\u00e9lyes adatait arra haszn\u00e1ljuk fel, hogy a lehet\u0151 leggyorsabban \u00e9s legegyszer\u0171bben int\u00e9zhess\u00fck az \u00d6n k\u00e9r\u00e9seit, \u00e9s optimaliz\u00e1ljuk szolg\u00e1ltat\u00e1sainkat. Marketingc\u00e9lokra csak az \u00d6n beleegyez\u00e9s\u00e9vel haszn\u00e1ljuk fel az \u00d6n adatait. Ez a nyilatkozat t\u00e1j\u00e9koztatja \u00d6nt arr\u00f3l, hogyan kezelj\u00fck [&hellip;]","og_url":"https:\/\/feelyoung2.com\/hu\/?page_id=2097","og_site_name":"Feel young 2","article_modified_time":"2023-10-14T09:42:27+00:00","twitter_card":"summary_large_image","twitter_misc":{"Becs\u00fclt olvas\u00e1si id\u0151":"5 perc"},"schema":{"@context":"https:\/\/schema.org","@graph":[{"@type":"WebPage","@id":"https:\/\/feelyoung2.com\/hu\/?page_id=2097","url":"https:\/\/feelyoung2.com\/hu\/?page_id=2097","name":"Adatv\u00e9delmi szab\u00e1lyzat - Feel young 2","isPartOf":{"@id":"https:\/\/feelyoung2.com\/#website"},"datePublished":"2023-05-30T06:36:53+00:00","dateModified":"2023-10-14T09:42:27+00:00","breadcrumb":{"@id":"https:\/\/feelyoung2.com\/hu\/?page_id=2097#breadcrumb"},"inLanguage":"hu","potentialAction":[{"@type":"ReadAction","target":["https:\/\/feelyoung2.com\/hu\/?page_id=2097"]}]},{"@type":"BreadcrumbList","@id":"https:\/\/feelyoung2.com\/hu\/?page_id=2097#breadcrumb","itemListElement":[{"@type":"ListItem","position":1,"name":"Home","item":"https:\/\/feelyoung2.com\/hu\/"},{"@type":"ListItem","position":2,"name":"Adatv\u00e9delmi szab\u00e1lyzat"}]},{"@type":"WebSite","@id":"https:\/\/feelyoung2.com\/#website","url":"https:\/\/feelyoung2.com\/","name":"Feel young 2","description":"Gives you protection, Energy and Harmony","publisher":{"@id":"https:\/\/feelyoung2.com\/#organization"},"potentialAction":[{"@type":"SearchAction","target":{"@type":"EntryPoint","urlTemplate":"https:\/\/feelyoung2.com\/?s={search_term_string}"},"query-input":{"@type":"PropertyValueSpecification","valueRequired":true,"valueName":"search_term_string"}}],"inLanguage":"hu"},{"@type":"Organization","@id":"https:\/\/feelyoung2.com\/#organization","name":"Feel young 2 FZCO","url":"https:\/\/feelyoung2.com\/","logo":{"@type":"ImageObject","inLanguage":"hu","@id":"https:\/\/feelyoung2.com\/#\/schema\/logo\/image\/","url":"https:\/\/feelyoung2.com\/wp-content\/uploads\/2023\/06\/2.png","contentUrl":"https:\/\/feelyoung2.com\/wp-content\/uploads\/2023\/06\/2.png","width":1080,"height":1080,"caption":"Feel young 2 FZCO"},"image":{"@id":"https:\/\/feelyoung2.com\/#\/schema\/logo\/image\/"}}]}},"_links":{"self":[{"href":"https:\/\/feelyoung2.com\/hu\/wp-json\/wp\/v2\/pages\/2097","targetHints":{"allow":["GET"]}}],"collection":[{"href":"https:\/\/feelyoung2.com\/hu\/wp-json\/wp\/v2\/pages"}],"about":[{"href":"https:\/\/feelyoung2.com\/hu\/wp-json\/wp\/v2\/types\/page"}],"author":[{"embeddable":true,"href":"https:\/\/feelyoung2.com\/hu\/wp-json\/wp\/v2\/users\/1"}],"replies":[{"embeddable":true,"href":"https:\/\/feelyoung2.com\/hu\/wp-json\/wp\/v2\/comments?post=2097"}],"version-history":[{"count":4,"href":"https:\/\/feelyoung2.com\/hu\/wp-json\/wp\/v2\/pages\/2097\/revisions"}],"predecessor-version":[{"id":2102,"href":"https:\/\/feelyoung2.com\/hu\/wp-json\/wp\/v2\/pages\/2097\/revisions\/2102"}],"wp:attachment":[{"href":"https:\/\/feelyoung2.com\/hu\/wp-json\/wp\/v2\/media?parent=2097"}],"curies":[{"name":"wp","href":"https:\/\/api.w.org\/{rel}","templated":true}]}}