{"id":2082,"date":"2023-06-01T16:29:30","date_gmt":"2023-06-01T14:29:30","guid":{"rendered":"https:\/\/feelyoung2.com\/kapcsolat\/"},"modified":"2023-11-01T11:05:03","modified_gmt":"2023-11-01T09:05:03","slug":"kapcsolat","status":"publish","type":"page","link":"https:\/\/feelyoung2.com\/hu\/kapcsolat\/","title":{"rendered":"Kapcsolat"},"content":{"rendered":"\t\t<div data-elementor-type=\"wp-page\" data-elementor-id=\"2082\" class=\"elementor elementor-2082 elementor-374\" data-elementor-post-type=\"page\">\n\t\t\t\t\t\t<section class=\"elementor-section elementor-top-section elementor-element elementor-element-2ebbc620 elementor-section-full_width elementor-section-height-default elementor-section-height-default\" data-id=\"2ebbc620\" data-element_type=\"section\" data-e-type=\"section\">\n\t\t\t\t\t\t<div class=\"elementor-container elementor-column-gap-default\">\n\t\t\t\t\t<div class=\"elementor-column elementor-col-100 elementor-top-column elementor-element elementor-element-1a57d1d\" data-id=\"1a57d1d\" data-element_type=\"column\" data-e-type=\"column\">\n\t\t\t<div class=\"elementor-widget-wrap elementor-element-populated\">\n\t\t\t\t\t\t<div class=\"elementor-element elementor-element-e5f54d6 elementor-widget elementor-widget-heading\" data-id=\"e5f54d6\" data-element_type=\"widget\" data-e-type=\"widget\" data-widget_type=\"heading.default\">\n\t\t\t\t<div class=\"elementor-widget-container\">\n\t\t\t\t\t<h4 class=\"elementor-heading-title elementor-size-default\">Kapcsolatfelv\u00e9tel<\/h4>\t\t\t\t<\/div>\n\t\t\t\t<\/div>\n\t\t\t\t\t<\/div>\n\t\t<\/div>\n\t\t\t\t\t<\/div>\n\t\t<\/section>\n\t\t\t\t<section class=\"elementor-section elementor-top-section elementor-element elementor-element-ef1631c elementor-section-boxed elementor-section-height-default elementor-section-height-default\" data-id=\"ef1631c\" data-element_type=\"section\" data-e-type=\"section\">\n\t\t\t\t\t\t<div class=\"elementor-container elementor-column-gap-default\">\n\t\t\t\t\t<div class=\"elementor-column elementor-col-100 elementor-top-column elementor-element elementor-element-5c45825\" data-id=\"5c45825\" data-element_type=\"column\" data-e-type=\"column\">\n\t\t\t<div class=\"elementor-widget-wrap elementor-element-populated\">\n\t\t\t\t\t\t<div class=\"elementor-element elementor-element-5fb48147 elementor-widget elementor-widget-text-editor\" data-id=\"5fb48147\" data-element_type=\"widget\" data-e-type=\"widget\" data-widget_type=\"text-editor.default\">\n\t\t\t\t<div class=\"elementor-widget-container\">\n\t\t\t\t\t\t\t\t\t<p>Vegye fel a kapcsolatot m\u00e9g ma, \u00e9s kezdje el az eg\u00e9szs\u00e9gesebb \u00e9let fel\u00e9 vezet\u0151 utat.<\/p>\n\t\t\t\t\t\t\t\t<\/div>\n\t\t\t\t<\/div>\n\t\t\t\t\t<\/div>\n\t\t<\/div>\n\t\t\t\t\t<\/div>\n\t\t<\/section>\n\t\t\t\t<section class=\"elementor-section elementor-top-section elementor-element elementor-element-5be0bb29 elementor-section-content-middle elementor-section-boxed elementor-section-height-default elementor-section-height-default\" data-id=\"5be0bb29\" data-element_type=\"section\" data-e-type=\"section\">\n\t\t\t\t\t\t<div class=\"elementor-container elementor-column-gap-no\">\n\t\t\t\t\t<div class=\"elementor-column elementor-col-100 elementor-top-column elementor-element elementor-element-2d2cfa48\" data-id=\"2d2cfa48\" data-element_type=\"column\" data-e-type=\"column\">\n\t\t\t<div class=\"elementor-widget-wrap elementor-element-populated\">\n\t\t\t\t\t\t<div class=\"elementor-element elementor-element-6d3ac29c elementor-button-align-end elementor-mobile-button-align-center elementor-widget elementor-widget-form\" data-id=\"6d3ac29c\" data-element_type=\"widget\" data-e-type=\"widget\" data-settings=\"{&quot;step_next_label&quot;:&quot;K\\u00f6vetkez\\u0151&quot;,&quot;step_previous_label&quot;:&quot;El\\u0151z\\u0151&quot;,&quot;button_width&quot;:&quot;100&quot;,&quot;step_type&quot;:&quot;number_text&quot;,&quot;step_icon_shape&quot;:&quot;circle&quot;}\" data-widget_type=\"form.default\">\n\t\t\t\t<div class=\"elementor-widget-container\">\n\t\t\t\t\t\t\t<form class=\"elementor-form\" method=\"post\" name=\"\u00daj \u0171rlap\" aria-label=\"\u00daj \u0171rlap\">\n\t\t\t<input type=\"hidden\" name=\"post_id\" value=\"2082\"\/>\n\t\t\t<input type=\"hidden\" name=\"form_id\" value=\"6d3ac29c\"\/>\n\t\t\t<input type=\"hidden\" name=\"referer_title\" value=\"Kapcsolat - Feel young 2\" \/>\n\n\t\t\t\t\t\t\t<input type=\"hidden\" name=\"queried_id\" value=\"2082\"\/>\n\t\t\t\n\t\t\t<div class=\"elementor-form-fields-wrapper elementor-labels-above\">\n\t\t\t\t\t\t\t\t<div class=\"elementor-field-type-text elementor-field-group elementor-column elementor-field-group-name elementor-col-50\">\n\t\t\t\t\t\t\t\t\t\t\t\t\t<input size=\"1\" type=\"text\" name=\"form_fields[name]\" id=\"form-field-name\" class=\"elementor-field elementor-size-sm  elementor-field-textual\" placeholder=\"N\u00e9v\">\n\t\t\t\t\t\t\t\t\t\t\t<\/div>\n\t\t\t\t\t\t\t\t<div class=\"elementor-field-type-text elementor-field-group elementor-column elementor-field-group-field_7db929a elementor-col-50\">\n\t\t\t\t\t\t\t\t\t\t\t\t\t<input size=\"1\" type=\"text\" name=\"form_fields[field_7db929a]\" id=\"form-field-field_7db929a\" class=\"elementor-field elementor-size-sm  elementor-field-textual\" placeholder=\"Vezet\u00e9kn\u00e9v\">\n\t\t\t\t\t\t\t\t\t\t\t<\/div>\n\t\t\t\t\t\t\t\t<div class=\"elementor-field-type-email elementor-field-group elementor-column elementor-field-group-email elementor-col-100 elementor-field-required\">\n\t\t\t\t\t\t\t\t\t\t\t\t\t<input size=\"1\" type=\"email\" name=\"form_fields[email]\" id=\"form-field-email\" class=\"elementor-field elementor-size-sm  elementor-field-textual\" placeholder=\"E-mail\" required=\"required\">\n\t\t\t\t\t\t\t\t\t\t\t<\/div>\n\t\t\t\t\t\t\t\t<div class=\"elementor-field-type-textarea elementor-field-group elementor-column elementor-field-group-6ed25c0 elementor-col-100\">\n\t\t\t\t\t<textarea class=\"elementor-field-textual elementor-field  elementor-size-sm\" name=\"form_fields[6ed25c0]\" id=\"form-field-6ed25c0\" rows=\"4\" placeholder=\"\u00dczenet\"><\/textarea>\t\t\t\t<\/div>\n\t\t\t\t\t\t\t\t<div class=\"elementor-field-type-number elementor-field-group elementor-column elementor-field-group-field_2d44a6c elementor-col-100 elementor-field-required\">\n\t\t\t\t\t\t\t\t\t\t\t\t<label for=\"form-field-field_2d44a6c\" class=\"elementor-field-label\">\n\t\t\t\t\t\t\t\tV\u00e1laszoljon az al\u00e1bbi k\u00e9rd\u00e9sre\t\t\t\t\t\t\t<\/label>\n\t\t\t\t\t\t\t\t\t<input type=\"number\" name=\"form_fields[field_2d44a6c]\" id=\"form-field-field_2d44a6c\" class=\"elementor-field elementor-size-sm  elementor-field-textual\" placeholder=\"4+6=?\" required=\"required\" min=\"10\" max=\"10\" >\n\t\t\t\t\t\t<\/div>\n\t\t\t\t\t\t\t\t<div class=\"elementor-field-group elementor-column elementor-field-type-submit elementor-col-100 e-form__buttons\">\n\t\t\t\t\t<button class=\"elementor-button elementor-size-md\" type=\"submit\">\n\t\t\t\t\t\t<span class=\"elementor-button-content-wrapper\">\n\t\t\t\t\t\t\t\t\t\t\t\t\t\t\t\t\t\t\t\t\t\t<span class=\"elementor-button-text\">Sz\u00e1ll\u00edt\u00e1s<\/span>\n\t\t\t\t\t\t\t\t\t\t\t\t\t<\/span>\n\t\t\t\t\t<\/button>\n\t\t\t\t<\/div>\n\t\t\t<\/div>\n\t\t<\/form>\n\t\t\t\t\t\t<\/div>\n\t\t\t\t<\/div>\n\t\t\t\t\t<\/div>\n\t\t<\/div>\n\t\t\t\t\t<\/div>\n\t\t<\/section>\n\t\t\t\t<section class=\"elementor-section elementor-top-section elementor-element elementor-element-1c56bc7d elementor-section-boxed elementor-section-height-default elementor-section-height-default\" data-id=\"1c56bc7d\" data-element_type=\"section\" data-e-type=\"section\" data-settings=\"{&quot;background_background&quot;:&quot;classic&quot;}\">\n\t\t\t\t\t\t<div class=\"elementor-container elementor-column-gap-default\">\n\t\t\t\t\t<div class=\"elementor-column elementor-col-100 elementor-top-column elementor-element elementor-element-2955762d\" data-id=\"2955762d\" data-element_type=\"column\" data-e-type=\"column\" data-settings=\"{&quot;background_background&quot;:&quot;gradient&quot;}\">\n\t\t\t<div class=\"elementor-widget-wrap elementor-element-populated\">\n\t\t\t\t\t\t<div class=\"elementor-element elementor-element-68c321c elementor-widget elementor-widget-image\" data-id=\"68c321c\" data-element_type=\"widget\" data-e-type=\"widget\" data-widget_type=\"image.default\">\n\t\t\t\t<div class=\"elementor-widget-container\">\n\t\t\t\t\t\t\t\t\t\t\t\t\t\t\t<img fetchpriority=\"high\" decoding=\"async\" width=\"800\" height=\"800\" src=\"https:\/\/feelyoung2.com\/wp-content\/uploads\/2023\/08\/1-1024x1024.png\" class=\"attachment-large size-large wp-image-2043\" alt=\"\" srcset=\"https:\/\/feelyoung2.com\/wp-content\/uploads\/2023\/08\/1-1024x1024.png 1024w, https:\/\/feelyoung2.com\/wp-content\/uploads\/2023\/08\/1-300x300.png 300w, https:\/\/feelyoung2.com\/wp-content\/uploads\/2023\/08\/1-150x150.png 150w, https:\/\/feelyoung2.com\/wp-content\/uploads\/2023\/08\/1-768x768.png 768w, https:\/\/feelyoung2.com\/wp-content\/uploads\/2023\/08\/1-600x600.png 600w, https:\/\/feelyoung2.com\/wp-content\/uploads\/2023\/08\/1-100x100.png 100w, https:\/\/feelyoung2.com\/wp-content\/uploads\/2023\/08\/1.png 1080w\" sizes=\"(max-width: 800px) 100vw, 800px\" \/>\t\t\t\t\t\t\t\t\t\t\t\t\t\t\t<\/div>\n\t\t\t\t<\/div>\n\t\t\t\t<div class=\"elementor-element elementor-element-7dfdeda0 elementor-widget elementor-widget-testimonial\" data-id=\"7dfdeda0\" data-element_type=\"widget\" data-e-type=\"widget\" data-widget_type=\"testimonial.default\">\n\t\t\t\t<div class=\"elementor-widget-container\">\n\t\t\t\t\t\t\t<div class=\"elementor-testimonial-wrapper\">\n\t\t\t\t\t\t\t<div class=\"elementor-testimonial-content\"><p>\" K\u00fcldet\u00e9sem, hogy \u00d6n fiatalabbnak \u00e9s \u00e9leter\u0151sebbnek \u00e9rezze mag\u00e1t, egyedi \u00e9s hat\u00e9kony term\u00e9kekkel.\"<\/p>\n<\/div>\n\t\t\t\n\t\t\t\t\t\t<div class=\"elementor-testimonial-meta\">\n\t\t\t\t<div class=\"elementor-testimonial-meta-inner\">\n\t\t\t\t\t\n\t\t\t\t\t\t\t\t\t\t<div class=\"elementor-testimonial-details\">\n\t\t\t\t\t\t\t\t\t\t\t\t\t\t<div class=\"elementor-testimonial-name\">Marcel Visschers<\/div>\n\t\t\t\t\t\t\t\t\t\t\t\t\t\t\t\t\t\t\t\t\t\t<div class=\"elementor-testimonial-job\">Alap\u00edt\u00f3 \u00e9s eg\u00e9szs\u00e9g\u00fcgyi idealista<\/div>\n\t\t\t\t\t\t\t\t\t\t\t\t\t<\/div>\n\t\t\t\t\t\t\t\t\t<\/div>\n\t\t\t<\/div>\n\t\t\t\t\t<\/div>\n\t\t\t\t\t\t<\/div>\n\t\t\t\t<\/div>\n\t\t\t\t\t<\/div>\n\t\t<\/div>\n\t\t\t\t\t<\/div>\n\t\t<\/section>\n\t\t\t\t<\/div>\n\t\t","protected":false},"excerpt":{"rendered":"<p>Kapcsolatfelv\u00e9tel Vegye fel a kapcsolatot m\u00e9g ma, \u00e9s kezdje el az eg\u00e9szs\u00e9gesebb \u00e9let fel\u00e9 vezet\u0151 utat. &#8221; K\u00fcldet\u00e9sem, hogy \u00d6n fiatalabbnak \u00e9s \u00e9leter\u0151sebbnek \u00e9rezze mag\u00e1t, egyedi \u00e9s hat\u00e9kony term\u00e9kekkel.&#8221; Marcel Visschers Alap\u00edt\u00f3 \u00e9s eg\u00e9szs\u00e9g\u00fcgyi idealista<\/p>\n","protected":false},"author":1,"featured_media":0,"parent":0,"menu_order":0,"comment_status":"closed","ping_status":"closed","template":"elementor_header_footer","meta":{"footnotes":""},"class_list":["post-2082","page","type-page","status-publish","hentry"],"yoast_head":"<!-- This site is optimized with the Yoast SEO plugin v27.2 - https:\/\/yoast.com\/product\/yoast-seo-wordpress\/ -->\n<title>Kapcsolat - Feel young 2<\/title>\n<meta name=\"robots\" content=\"index, follow, max-snippet:-1, max-image-preview:large, max-video-preview:-1\" \/>\n<link rel=\"canonical\" href=\"https:\/\/feelyoung2.com\/hu\/kapcsolat\/\" \/>\n<meta property=\"og:locale\" content=\"hu_HU\" \/>\n<meta property=\"og:type\" content=\"article\" \/>\n<meta property=\"og:title\" content=\"Kapcsolat - Feel young 2\" \/>\n<meta property=\"og:description\" content=\"Kapcsolatfelv\u00e9tel Vegye fel a kapcsolatot m\u00e9g ma, \u00e9s kezdje el az eg\u00e9szs\u00e9gesebb \u00e9let fel\u00e9 vezet\u0151 utat. &#8221; K\u00fcldet\u00e9sem, hogy \u00d6n fiatalabbnak \u00e9s \u00e9leter\u0151sebbnek \u00e9rezze mag\u00e1t, egyedi \u00e9s hat\u00e9kony term\u00e9kekkel.&#8221; Marcel Visschers Alap\u00edt\u00f3 \u00e9s eg\u00e9szs\u00e9g\u00fcgyi idealista\" \/>\n<meta property=\"og:url\" content=\"https:\/\/feelyoung2.com\/hu\/kapcsolat\/\" \/>\n<meta property=\"og:site_name\" content=\"Feel young 2\" \/>\n<meta property=\"article:modified_time\" content=\"2023-11-01T09:05:03+00:00\" \/>\n<meta property=\"og:image\" content=\"https:\/\/feelyoung2.com\/wp-content\/uploads\/2023\/08\/1-1024x1024.png\" \/>\n<meta name=\"twitter:card\" content=\"summary_large_image\" \/>\n<script type=\"application\/ld+json\" class=\"yoast-schema-graph\">{\"@context\":\"https:\/\/schema.org\",\"@graph\":[{\"@type\":\"WebPage\",\"@id\":\"https:\/\/feelyoung2.com\/hu\/kapcsolat\/\",\"url\":\"https:\/\/feelyoung2.com\/hu\/kapcsolat\/\",\"name\":\"Kapcsolat - Feel young 2\",\"isPartOf\":{\"@id\":\"https:\/\/feelyoung2.com\/#website\"},\"primaryImageOfPage\":{\"@id\":\"https:\/\/feelyoung2.com\/hu\/kapcsolat\/#primaryimage\"},\"image\":{\"@id\":\"https:\/\/feelyoung2.com\/hu\/kapcsolat\/#primaryimage\"},\"thumbnailUrl\":\"https:\/\/feelyoung2.com\/wp-content\/uploads\/2023\/08\/1-1024x1024.png\",\"datePublished\":\"2023-06-01T14:29:30+00:00\",\"dateModified\":\"2023-11-01T09:05:03+00:00\",\"breadcrumb\":{\"@id\":\"https:\/\/feelyoung2.com\/hu\/kapcsolat\/#breadcrumb\"},\"inLanguage\":\"hu\",\"potentialAction\":[{\"@type\":\"ReadAction\",\"target\":[\"https:\/\/feelyoung2.com\/hu\/kapcsolat\/\"]}]},{\"@type\":\"ImageObject\",\"inLanguage\":\"hu\",\"@id\":\"https:\/\/feelyoung2.com\/hu\/kapcsolat\/#primaryimage\",\"url\":\"https:\/\/feelyoung2.com\/wp-content\/uploads\/2023\/08\/1-1024x1024.png\",\"contentUrl\":\"https:\/\/feelyoung2.com\/wp-content\/uploads\/2023\/08\/1-1024x1024.png\"},{\"@type\":\"BreadcrumbList\",\"@id\":\"https:\/\/feelyoung2.com\/hu\/kapcsolat\/#breadcrumb\",\"itemListElement\":[{\"@type\":\"ListItem\",\"position\":1,\"name\":\"Home\",\"item\":\"https:\/\/feelyoung2.com\/hu\/\"},{\"@type\":\"ListItem\",\"position\":2,\"name\":\"Kapcsolat\"}]},{\"@type\":\"WebSite\",\"@id\":\"https:\/\/feelyoung2.com\/#website\",\"url\":\"https:\/\/feelyoung2.com\/\",\"name\":\"Feel young 2\",\"description\":\"Gives you protection, Energy and Harmony\",\"publisher\":{\"@id\":\"https:\/\/feelyoung2.com\/#organization\"},\"potentialAction\":[{\"@type\":\"SearchAction\",\"target\":{\"@type\":\"EntryPoint\",\"urlTemplate\":\"https:\/\/feelyoung2.com\/?s={search_term_string}\"},\"query-input\":{\"@type\":\"PropertyValueSpecification\",\"valueRequired\":true,\"valueName\":\"search_term_string\"}}],\"inLanguage\":\"hu\"},{\"@type\":\"Organization\",\"@id\":\"https:\/\/feelyoung2.com\/#organization\",\"name\":\"Feel young 2 FZCO\",\"url\":\"https:\/\/feelyoung2.com\/\",\"logo\":{\"@type\":\"ImageObject\",\"inLanguage\":\"hu\",\"@id\":\"https:\/\/feelyoung2.com\/#\/schema\/logo\/image\/\",\"url\":\"https:\/\/feelyoung2.com\/wp-content\/uploads\/2023\/06\/2.png\",\"contentUrl\":\"https:\/\/feelyoung2.com\/wp-content\/uploads\/2023\/06\/2.png\",\"width\":1080,\"height\":1080,\"caption\":\"Feel young 2 FZCO\"},\"image\":{\"@id\":\"https:\/\/feelyoung2.com\/#\/schema\/logo\/image\/\"}}]}<\/script>\n<!-- \/ Yoast SEO plugin. -->","yoast_head_json":{"title":"Kapcsolat - Feel young 2","robots":{"index":"index","follow":"follow","max-snippet":"max-snippet:-1","max-image-preview":"max-image-preview:large","max-video-preview":"max-video-preview:-1"},"canonical":"https:\/\/feelyoung2.com\/hu\/kapcsolat\/","og_locale":"hu_HU","og_type":"article","og_title":"Kapcsolat - Feel young 2","og_description":"Kapcsolatfelv\u00e9tel Vegye fel a kapcsolatot m\u00e9g ma, \u00e9s kezdje el az eg\u00e9szs\u00e9gesebb \u00e9let fel\u00e9 vezet\u0151 utat. &#8221; K\u00fcldet\u00e9sem, hogy \u00d6n fiatalabbnak \u00e9s \u00e9leter\u0151sebbnek \u00e9rezze mag\u00e1t, egyedi \u00e9s hat\u00e9kony term\u00e9kekkel.&#8221; Marcel Visschers Alap\u00edt\u00f3 \u00e9s eg\u00e9szs\u00e9g\u00fcgyi idealista","og_url":"https:\/\/feelyoung2.com\/hu\/kapcsolat\/","og_site_name":"Feel young 2","article_modified_time":"2023-11-01T09:05:03+00:00","og_image":[{"url":"https:\/\/feelyoung2.com\/wp-content\/uploads\/2023\/08\/1-1024x1024.png","type":"","width":"","height":""}],"twitter_card":"summary_large_image","schema":{"@context":"https:\/\/schema.org","@graph":[{"@type":"WebPage","@id":"https:\/\/feelyoung2.com\/hu\/kapcsolat\/","url":"https:\/\/feelyoung2.com\/hu\/kapcsolat\/","name":"Kapcsolat - Feel young 2","isPartOf":{"@id":"https:\/\/feelyoung2.com\/#website"},"primaryImageOfPage":{"@id":"https:\/\/feelyoung2.com\/hu\/kapcsolat\/#primaryimage"},"image":{"@id":"https:\/\/feelyoung2.com\/hu\/kapcsolat\/#primaryimage"},"thumbnailUrl":"https:\/\/feelyoung2.com\/wp-content\/uploads\/2023\/08\/1-1024x1024.png","datePublished":"2023-06-01T14:29:30+00:00","dateModified":"2023-11-01T09:05:03+00:00","breadcrumb":{"@id":"https:\/\/feelyoung2.com\/hu\/kapcsolat\/#breadcrumb"},"inLanguage":"hu","potentialAction":[{"@type":"ReadAction","target":["https:\/\/feelyoung2.com\/hu\/kapcsolat\/"]}]},{"@type":"ImageObject","inLanguage":"hu","@id":"https:\/\/feelyoung2.com\/hu\/kapcsolat\/#primaryimage","url":"https:\/\/feelyoung2.com\/wp-content\/uploads\/2023\/08\/1-1024x1024.png","contentUrl":"https:\/\/feelyoung2.com\/wp-content\/uploads\/2023\/08\/1-1024x1024.png"},{"@type":"BreadcrumbList","@id":"https:\/\/feelyoung2.com\/hu\/kapcsolat\/#breadcrumb","itemListElement":[{"@type":"ListItem","position":1,"name":"Home","item":"https:\/\/feelyoung2.com\/hu\/"},{"@type":"ListItem","position":2,"name":"Kapcsolat"}]},{"@type":"WebSite","@id":"https:\/\/feelyoung2.com\/#website","url":"https:\/\/feelyoung2.com\/","name":"Feel young 2","description":"Gives you protection, Energy and Harmony","publisher":{"@id":"https:\/\/feelyoung2.com\/#organization"},"potentialAction":[{"@type":"SearchAction","target":{"@type":"EntryPoint","urlTemplate":"https:\/\/feelyoung2.com\/?s={search_term_string}"},"query-input":{"@type":"PropertyValueSpecification","valueRequired":true,"valueName":"search_term_string"}}],"inLanguage":"hu"},{"@type":"Organization","@id":"https:\/\/feelyoung2.com\/#organization","name":"Feel young 2 FZCO","url":"https:\/\/feelyoung2.com\/","logo":{"@type":"ImageObject","inLanguage":"hu","@id":"https:\/\/feelyoung2.com\/#\/schema\/logo\/image\/","url":"https:\/\/feelyoung2.com\/wp-content\/uploads\/2023\/06\/2.png","contentUrl":"https:\/\/feelyoung2.com\/wp-content\/uploads\/2023\/06\/2.png","width":1080,"height":1080,"caption":"Feel young 2 FZCO"},"image":{"@id":"https:\/\/feelyoung2.com\/#\/schema\/logo\/image\/"}}]}},"_links":{"self":[{"href":"https:\/\/feelyoung2.com\/hu\/wp-json\/wp\/v2\/pages\/2082","targetHints":{"allow":["GET"]}}],"collection":[{"href":"https:\/\/feelyoung2.com\/hu\/wp-json\/wp\/v2\/pages"}],"about":[{"href":"https:\/\/feelyoung2.com\/hu\/wp-json\/wp\/v2\/types\/page"}],"author":[{"embeddable":true,"href":"https:\/\/feelyoung2.com\/hu\/wp-json\/wp\/v2\/users\/1"}],"replies":[{"embeddable":true,"href":"https:\/\/feelyoung2.com\/hu\/wp-json\/wp\/v2\/comments?post=2082"}],"version-history":[{"count":2,"href":"https:\/\/feelyoung2.com\/hu\/wp-json\/wp\/v2\/pages\/2082\/revisions"}],"predecessor-version":[{"id":2090,"href":"https:\/\/feelyoung2.com\/hu\/wp-json\/wp\/v2\/pages\/2082\/revisions\/2090"}],"wp:attachment":[{"href":"https:\/\/feelyoung2.com\/hu\/wp-json\/wp\/v2\/media?parent=2082"}],"curies":[{"name":"wp","href":"https:\/\/api.w.org\/{rel}","templated":true}]}}